{"id":321,"date":"2024-04-05T21:30:47","date_gmt":"2024-04-05T19:30:47","guid":{"rendered":"https:\/\/www.upre.gob.bo\/?page_id=321"},"modified":"2025-09-15T14:22:58","modified_gmt":"2025-09-15T18:22:58","slug":"breve-historia-o-resena-sobre-la-creacion-y-evolucion-de-la-entidad","status":"publish","type":"page","link":"https:\/\/www.upre.gob.bo\/index.php\/breve-historia-o-resena-sobre-la-creacion-y-evolucion-de-la-entidad\/","title":{"rendered":"Rese\u00f1a Hist\u00f3rica"},"content":{"rendered":"\n<p class=\"has-medium-font-size\">La Unidad de Proyectos Especiales &#8211; UPRE, creada mediante el Decreto Supremo N\u00b0 29091 del 04 de abril de 2007, es una instituci\u00f3n p\u00fablica desconcentrada con independencia de gesti\u00f3n administrativa, financiera, legal y t\u00e9cnica, bajo dependencia del Ministerio de la Presidencia. Tiene la finalidad de apoyar funcionalmente tanto en la parte t\u00e9cnica, log\u00edstica y operativa a los proyectos especiales que el Presidente del Estado Plurinacional de Bolivia llevar\u00e1 a cabo durante su gesti\u00f3n.<\/p>\n\n\n\n<p>El Decreto Supremo N\u00b0 0913, de 15 de junio de 2011, establece la asignaci\u00f3n de recursos al Programa \u201cBolivia Cambia\u201d y sus mecanismos de ejecuci\u00f3n mediante la UPRE.<\/p>\n\n\n\n<p>La UPRE, considera los principios establecidos en la Constituci\u00f3n Pol\u00edtica del Estado \u2013 CPE de la sociedad plural: ama qhilla, ama llulla, ama suwa (no seas flojo, no seas mentiroso ni seas ladr\u00f3n), suma qama\u00f1a (vivir bien), \u00f1andereko (vida armoniosa), teko kavi (vida buena), ivi maraei (tierra sin mal) y qhapaj \u00f1an (camino o vida noble).<\/p>\n\n\n\n<p>Asimismo, toma en cuenta los valores de la CPE en torno a la unidad, igualdad, inclusi\u00f3n, dignidad, libertad, solidaridad, reciprocidad, respeto, complementariedad, armon\u00eda, transparencia, equilibrio, igualdad de oportunidades, equidad social y de g\u00e9nero en la participaci\u00f3n, bienestar com\u00fan, responsabilidad, justicia social, distribuci\u00f3n y redistribuci\u00f3n de los productos y bienes sociales, para vivir bien.<\/p>\n\n\n\n<p>Sin olvidar que el vivir bien colectivo nos exige volver a ser \u201cJiwasa\u201d, es decir \u201cnosotros\u201d, debemos despojarnos del concepto individual de uno mismo, es decir \u201cy\u00f3\u201d. Debemos entender que todo est\u00e1 interrelacionado, que nada est\u00e1 dividido y que nada est\u00e1 fuera; ello significa que todos vayamos juntos, que nadie se quede atr\u00e1s, que todos tengan todo y a nadie le falte nada.<\/p>\n\n\n\n<p>Y el bienestar de todos es bienestar de uno mismo, que ayudar es motivo de crecer y ser feliz, que renunciar en beneficio del otro nos hace sentir fortalecidos, que unirnos y reconocernos en el todo es el camino del ayer, hoy ma\u00f1ana y siempre de donde nunca nos hemos alejado<a href=\"#sdfootnote1sym\" id=\"sdfootnote1anc\"><sup>1<\/sup><\/a>.<\/p>\n\n\n\n<p>Por ello la Unidad de Proyectos Especiales \u2013 UPRE, tomando en cuenta los principios y valores constitucionales implantar\u00e1 los proyectos especiales que el Presidente del Estado Plurinacional de Bolivia llevar\u00e1 a cabo durante su gesti\u00f3n.<\/p>\n\n\n\n<p><\/p>\n","protected":false},"excerpt":{"rendered":"<p>La Unidad de Proyectos Especiales &#8211; UPRE, creada mediante el Decreto Supremo N\u00b0 29091 del 04 de abril de 2007, es una instituci\u00f3n p\u00fablica desconcentrada con independencia de gesti\u00f3n administrativa, financiera, legal y t\u00e9cnica, bajo dependencia del Ministerio de la Presidencia. Tiene la finalidad de apoyar funcionalmente tanto en la parte t\u00e9cnica, log\u00edstica y operativa [&hellip;]<\/p>\n","protected":false},"author":1,"featured_media":16967,"parent":0,"menu_order":0,"comment_status":"closed","ping_status":"closed","template":"","meta":{"_acf_changed":false,"footnotes":""},"class_list":["post-321","page","type-page","status-publish","has-post-thumbnail","hentry"],"acf":[],"_links":{"self":[{"href":"https:\/\/www.upre.gob.bo\/index.php\/wp-json\/wp\/v2\/pages\/321","targetHints":{"allow":["GET"]}}],"collection":[{"href":"https:\/\/www.upre.gob.bo\/index.php\/wp-json\/wp\/v2\/pages"}],"about":[{"href":"https:\/\/www.upre.gob.bo\/index.php\/wp-json\/wp\/v2\/types\/page"}],"author":[{"embeddable":true,"href":"https:\/\/www.upre.gob.bo\/index.php\/wp-json\/wp\/v2\/users\/1"}],"replies":[{"embeddable":true,"href":"https:\/\/www.upre.gob.bo\/index.php\/wp-json\/wp\/v2\/comments?post=321"}],"version-history":[{"count":19,"href":"https:\/\/www.upre.gob.bo\/index.php\/wp-json\/wp\/v2\/pages\/321\/revisions"}],"predecessor-version":[{"id":17552,"href":"https:\/\/www.upre.gob.bo\/index.php\/wp-json\/wp\/v2\/pages\/321\/revisions\/17552"}],"wp:featuredmedia":[{"embeddable":true,"href":"https:\/\/www.upre.gob.bo\/index.php\/wp-json\/wp\/v2\/media\/16967"}],"wp:attachment":[{"href":"https:\/\/www.upre.gob.bo\/index.php\/wp-json\/wp\/v2\/media?parent=321"}],"curies":[{"name":"wp","href":"https:\/\/api.w.org\/{rel}","templated":true}]}}