{"id":328,"date":"2024-04-05T21:30:59","date_gmt":"2024-04-05T19:30:59","guid":{"rendered":"https:\/\/www.upre.gob.bo\/?page_id=328"},"modified":"2025-09-15T14:25:40","modified_gmt":"2025-09-15T18:25:40","slug":"descripcion-de-los-objetivos-y-funciones-principales-de-la-entidad-2","status":"publish","type":"page","link":"https:\/\/www.upre.gob.bo\/index.php\/descripcion-de-los-objetivos-y-funciones-principales-de-la-entidad-2\/","title":{"rendered":"Objetivos Institucionales."},"content":{"rendered":"\n<p><\/p>\n\n\n\n<p>\u00a0<br>POA 2025: Financiar y\/o ejecutar programas y proyectos especiales en las \u00e1reas de Salud, Deporte, Educaci\u00f3n, Cultura, Productiva, Infraestructura Social e Infraestructura Vial, a trav\u00e9s de una gesti\u00f3n estatal id\u00f3nea y eficaz de los recursos p\u00fablicos.<\/p>\n","protected":false},"excerpt":{"rendered":"<p>\u00a0POA 2025: Financiar y\/o ejecutar programas y proyectos especiales en las \u00e1reas de Salud, Deporte, Educaci\u00f3n, Cultura, Productiva, Infraestructura Social e Infraestructura Vial, a trav\u00e9s de una gesti\u00f3n estatal id\u00f3nea y eficaz de los recursos p\u00fablicos.<\/p>\n","protected":false},"author":1,"featured_media":0,"parent":0,"menu_order":0,"comment_status":"closed","ping_status":"closed","template":"","meta":{"_acf_changed":false,"footnotes":""},"class_list":["post-328","page","type-page","status-publish","hentry"],"acf":[],"_links":{"self":[{"href":"https:\/\/www.upre.gob.bo\/index.php\/wp-json\/wp\/v2\/pages\/328","targetHints":{"allow":["GET"]}}],"collection":[{"href":"https:\/\/www.upre.gob.bo\/index.php\/wp-json\/wp\/v2\/pages"}],"about":[{"href":"https:\/\/www.upre.gob.bo\/index.php\/wp-json\/wp\/v2\/types\/page"}],"author":[{"embeddable":true,"href":"https:\/\/www.upre.gob.bo\/index.php\/wp-json\/wp\/v2\/users\/1"}],"replies":[{"embeddable":true,"href":"https:\/\/www.upre.gob.bo\/index.php\/wp-json\/wp\/v2\/comments?post=328"}],"version-history":[{"count":14,"href":"https:\/\/www.upre.gob.bo\/index.php\/wp-json\/wp\/v2\/pages\/328\/revisions"}],"predecessor-version":[{"id":17553,"href":"https:\/\/www.upre.gob.bo\/index.php\/wp-json\/wp\/v2\/pages\/328\/revisions\/17553"}],"wp:attachment":[{"href":"https:\/\/www.upre.gob.bo\/index.php\/wp-json\/wp\/v2\/media?parent=328"}],"curies":[{"name":"wp","href":"https:\/\/api.w.org\/{rel}","templated":true}]}}